{"id":14,"date":"2026-01-29T14:53:55","date_gmt":"2026-01-29T14:53:55","guid":{"rendered":"https:\/\/cristaleriavitralarte.rkinformatika.online\/?page_id=14"},"modified":"2026-01-30T09:08:55","modified_gmt":"2026-01-30T09:08:55","slug":"servicios","status":"publish","type":"page","link":"https:\/\/cristaleriavitralarte.es\/eu\/servicios\/","title":{"rendered":"Zerbitzuak"},"content":{"rendered":"<div data-elementor-type=\"wp-page\" data-elementor-id=\"14\" class=\"elementor elementor-14\" data-elementor-post-type=\"page\">\n\t\t\t\t<div class=\"elementor-element elementor-element-966ee13 animated-slow e-flex e-con-boxed elementor-invisible e-con e-parent\" data-id=\"966ee13\" data-element_type=\"container\" data-e-type=\"container\" data-settings=\"{&quot;shape_divider_bottom&quot;:&quot;opacity-tilt&quot;,&quot;animation&quot;:&quot;rotateInDownLeft&quot;}\">\n\t\t\t\t\t<div class=\"e-con-inner\">\n\t\t\t\t<div class=\"elementor-shape elementor-shape-bottom\" aria-hidden=\"true\" data-negative=\"false\">\n\t\t\t<svg xmlns=\"http:\/\/www.w3.org\/2000\/svg\" viewbox=\"0 0 2600 131.1\" preserveaspectratio=\"none\">\n\t<path class=\"elementor-shape-fill\" d=\"M0 0L2600 0 2600 69.1 0 0z\"\/>\n\t<path class=\"elementor-shape-fill\" style=\"opacity:0.5\" d=\"M0 0L2600 0 2600 69.1 0 69.1z\"\/>\n\t<path class=\"elementor-shape-fill\" style=\"opacity:0.25\" d=\"M2600 0L0 0 0 130.1 2600 69.1z\"\/>\n<\/svg>\t\t<\/div>\n\t\t<div class=\"elementor-element elementor-element-b04d3df e-con-full e-flex e-con e-child\" data-id=\"b04d3df\" data-element_type=\"container\" data-e-type=\"container\">\n\t\t\t\t<\/div>\n\t\t\t\t\t<\/div>\n\t\t\t\t<\/div>\n\t\t<div class=\"elementor-element elementor-element-dbf0403 e-flex e-con-boxed e-con e-parent\" data-id=\"dbf0403\" data-element_type=\"container\" data-e-type=\"container\">\n\t\t\t\t\t<div class=\"e-con-inner\">\n\t\t<div class=\"elementor-element elementor-element-cd0da99 e-con-full e-flex elementor-invisible e-con e-child\" data-id=\"cd0da99\" data-element_type=\"container\" data-e-type=\"container\" data-settings=\"{&quot;animation&quot;:&quot;fadeInLeft&quot;}\">\n\t\t\t\t<div class=\"elementor-element elementor-element-50e8b18 elementor-widget elementor-widget-heading\" data-id=\"50e8b18\" data-element_type=\"widget\" data-e-type=\"widget\" data-widget_type=\"heading.default\">\n\t\t\t\t\t<h2 class=\"elementor-heading-title elementor-size-default\">Vidrieras art\u00edsticas y grabados<\/h2>\t\t\t\t<\/div>\n\t\t\t\t<\/div>\n\t\t<div class=\"elementor-element elementor-element-d45c958 e-con-full e-flex elementor-invisible e-con e-child\" data-id=\"d45c958\" data-element_type=\"container\" data-e-type=\"container\" data-settings=\"{&quot;animation&quot;:&quot;fadeInRight&quot;}\">\n\t\t\t\t<div class=\"elementor-element elementor-element-0290393 elementor-widget elementor-widget-heading\" data-id=\"0290393\" data-element_type=\"widget\" data-e-type=\"widget\" data-widget_type=\"heading.default\">\n\t\t\t\t\t<h2 class=\"elementor-heading-title elementor-size-default\">Climalit<\/h2>\t\t\t\t<\/div>\n\t\t\t\t<\/div>\n\t\t<div class=\"elementor-element elementor-element-7341aad e-con-full e-flex elementor-invisible e-con e-child\" data-id=\"7341aad\" data-element_type=\"container\" data-e-type=\"container\" data-settings=\"{&quot;animation&quot;:&quot;fadeInLeft&quot;}\">\n\t\t\t\t<div class=\"elementor-element elementor-element-3a94c9c elementor-widget elementor-widget-heading\" data-id=\"3a94c9c\" data-element_type=\"widget\" data-e-type=\"widget\" data-widget_type=\"heading.default\">\n\t\t\t\t\t<h2 class=\"elementor-heading-title elementor-size-default\">Colocaci\u00f3n de vidrios a domicilio<\/h2>\t\t\t\t<\/div>\n\t\t\t\t<\/div>\n\t\t<div class=\"elementor-element elementor-element-9245046 e-con-full e-flex elementor-invisible e-con e-child\" data-id=\"9245046\" data-element_type=\"container\" data-e-type=\"container\" data-settings=\"{&quot;animation&quot;:&quot;fadeInRight&quot;}\">\n\t\t\t\t<div class=\"elementor-element elementor-element-3df2005 elementor-widget elementor-widget-heading\" data-id=\"3df2005\" data-element_type=\"widget\" data-e-type=\"widget\" data-widget_type=\"heading.default\">\n\t\t\t\t\t<h2 class=\"elementor-heading-title elementor-size-default\">Instalaciones comerciales<\/h2>\t\t\t\t<\/div>\n\t\t\t\t<\/div>\n\t\t<div class=\"elementor-element elementor-element-5c43ab1 e-con-full e-flex elementor-invisible e-con e-child\" data-id=\"5c43ab1\" data-element_type=\"container\" data-e-type=\"container\" data-settings=\"{&quot;animation&quot;:&quot;fadeInLeft&quot;}\">\n\t\t\t\t<div class=\"elementor-element elementor-element-95a168f elementor-widget elementor-widget-heading\" data-id=\"95a168f\" data-element_type=\"widget\" data-e-type=\"widget\" data-widget_type=\"heading.default\">\n\t\t\t\t\t<h2 class=\"elementor-heading-title elementor-size-default\">Espejos<\/h2>\t\t\t\t<\/div>\n\t\t\t\t<\/div>\n\t\t<div class=\"elementor-element elementor-element-dbc8fd3 e-con-full e-flex elementor-invisible e-con e-child\" data-id=\"dbc8fd3\" data-element_type=\"container\" data-e-type=\"container\" data-settings=\"{&quot;animation&quot;:&quot;fadeInRight&quot;}\">\n\t\t\t\t<div class=\"elementor-element elementor-element-358cbd7 elementor-widget elementor-widget-heading\" data-id=\"358cbd7\" data-element_type=\"widget\" data-e-type=\"widget\" data-widget_type=\"heading.default\">\n\t\t\t\t\t<h2 class=\"elementor-heading-title elementor-size-default\">Murales<\/h2>\t\t\t\t<\/div>\n\t\t\t\t<\/div>\n\t\t\t\t\t<\/div>\n\t\t\t\t<\/div>\n\t\t<div class=\"elementor-element elementor-element-2f5acb6 animated-slow e-flex e-con-boxed elementor-invisible e-con e-parent\" data-id=\"2f5acb6\" data-element_type=\"container\" data-e-type=\"container\" data-settings=\"{&quot;background_background&quot;:&quot;classic&quot;,&quot;shape_divider_top&quot;:&quot;opacity-tilt&quot;,&quot;animation&quot;:&quot;rotateInUpRight&quot;}\">\n\t\t\t\t\t<div class=\"e-con-inner\">\n\t\t\t\t<div class=\"elementor-shape elementor-shape-top\" aria-hidden=\"true\" data-negative=\"false\">\n\t\t\t<svg xmlns=\"http:\/\/www.w3.org\/2000\/svg\" viewbox=\"0 0 2600 131.1\" preserveaspectratio=\"none\">\n\t<path class=\"elementor-shape-fill\" d=\"M0 0L2600 0 2600 69.1 0 0z\"\/>\n\t<path class=\"elementor-shape-fill\" style=\"opacity:0.5\" d=\"M0 0L2600 0 2600 69.1 0 69.1z\"\/>\n\t<path class=\"elementor-shape-fill\" style=\"opacity:0.25\" d=\"M2600 0L0 0 0 130.1 2600 69.1z\"\/>\n<\/svg>\t\t<\/div>\n\t\t\t\t<div class=\"elementor-element elementor-element-1ebfce9 elementor-widget elementor-widget-heading\" data-id=\"1ebfce9\" data-element_type=\"widget\" data-e-type=\"widget\" data-widget_type=\"heading.default\">\n\t\t\t\t\t<h2 class=\"elementor-heading-title elementor-size-default\">Solicita tu presupuesto sin compromiso<\/h2>\t\t\t\t<\/div>\n\t\t\t\t<div class=\"elementor-element elementor-element-4e59eaf elementor-align-center elementor-widget elementor-widget-button\" data-id=\"4e59eaf\" data-element_type=\"widget\" data-e-type=\"widget\" data-widget_type=\"button.default\">\n\t\t\t\t\t\t\t\t\t\t<a class=\"elementor-button elementor-button-link elementor-size-sm elementor-animation-grow\" href=\"https:\/\/cristaleriavitralarte.es\/eu\/contacto\/\">\n\t\t\t\t\t\t<span class=\"elementor-button-content-wrapper\">\n\t\t\t\t\t\t\t\t\t<span class=\"elementor-button-text\">Kontaktua<\/span>\n\t\t\t\t\t<\/span>\n\t\t\t\t\t<\/a>\n\t\t\t\t\t\t\t\t<\/div>\n\t\t\t\t\t<\/div>\n\t\t\t\t<\/div>\n\t\t\t\t<\/div>","protected":false},"excerpt":{"rendered":"<p>Vidrieras art\u00edsticas y grabados Climalit Colocaci\u00f3n de vidrios a domicilio Instalaciones comerciales Espejos Murales Solicita tu presupuesto sin compromiso Contacto<\/p>","protected":false},"author":1,"featured_media":0,"parent":0,"menu_order":0,"comment_status":"closed","ping_status":"closed","template":"elementor_canvas","meta":{"footnotes":""},"class_list":["post-14","page","type-page","status-publish","hentry"],"yoast_head":"<!-- This site is optimized with the Yoast SEO plugin v27.3 - https:\/\/yoast.com\/product\/yoast-seo-wordpress\/ -->\n<title>Servicios - Cristaler\u00eda Vitralarte<\/title>\n<meta name=\"robots\" content=\"index, follow, max-snippet:-1, max-image-preview:large, max-video-preview:-1\" \/>\n<link rel=\"canonical\" href=\"https:\/\/cristaleriavitralarte.es\/eu\/servicios\/\" \/>\n<meta property=\"og:locale\" content=\"en_US\" \/>\n<meta property=\"og:type\" content=\"article\" \/>\n<meta property=\"og:title\" content=\"Servicios - Cristaler\u00eda Vitralarte\" \/>\n<meta property=\"og:description\" content=\"Vidrieras art\u00edsticas y grabados Climalit Colocaci\u00f3n de vidrios a domicilio Instalaciones comerciales Espejos Murales Solicita tu presupuesto sin compromiso Contacto\" \/>\n<meta property=\"og:url\" content=\"https:\/\/cristaleriavitralarte.es\/eu\/servicios\/\" \/>\n<meta property=\"og:site_name\" content=\"Cristaler\u00eda Vitralarte\" \/>\n<meta property=\"article:modified_time\" content=\"2026-01-30T09:08:55+00:00\" \/>\n<meta name=\"twitter:card\" content=\"summary_large_image\" \/>\n<meta name=\"twitter:label1\" content=\"Est. reading time\" \/>\n\t<meta name=\"twitter:data1\" content=\"1 minutua\" \/>\n<script type=\"application\/ld+json\" class=\"yoast-schema-graph\">{\"@context\":\"https:\\\/\\\/schema.org\",\"@graph\":[{\"@type\":\"WebPage\",\"@id\":\"https:\\\/\\\/cristaleriavitralarte.es\\\/servicios\\\/\",\"url\":\"https:\\\/\\\/cristaleriavitralarte.es\\\/servicios\\\/\",\"name\":\"Servicios - Cristaler\u00eda Vitralarte\",\"isPartOf\":{\"@id\":\"https:\\\/\\\/cristaleriavitralarte.es\\\/#website\"},\"datePublished\":\"2026-01-29T14:53:55+00:00\",\"dateModified\":\"2026-01-30T09:08:55+00:00\",\"breadcrumb\":{\"@id\":\"https:\\\/\\\/cristaleriavitralarte.es\\\/servicios\\\/#breadcrumb\"},\"inLanguage\":\"eu\",\"potentialAction\":[{\"@type\":\"ReadAction\",\"target\":[\"https:\\\/\\\/cristaleriavitralarte.es\\\/servicios\\\/\"]}]},{\"@type\":\"BreadcrumbList\",\"@id\":\"https:\\\/\\\/cristaleriavitralarte.es\\\/servicios\\\/#breadcrumb\",\"itemListElement\":[{\"@type\":\"ListItem\",\"position\":1,\"name\":\"Portada\",\"item\":\"https:\\\/\\\/cristaleriavitralarte.es\\\/\"},{\"@type\":\"ListItem\",\"position\":2,\"name\":\"Servicios\"}]},{\"@type\":\"WebSite\",\"@id\":\"https:\\\/\\\/cristaleriavitralarte.es\\\/#website\",\"url\":\"https:\\\/\\\/cristaleriavitralarte.es\\\/\",\"name\":\"Cristaler\u00eda Vitralarte\",\"description\":\"Cristaler\u00eda\",\"publisher\":{\"@id\":\"https:\\\/\\\/cristaleriavitralarte.es\\\/#organization\"},\"potentialAction\":[{\"@type\":\"SearchAction\",\"target\":{\"@type\":\"EntryPoint\",\"urlTemplate\":\"https:\\\/\\\/cristaleriavitralarte.es\\\/?s={search_term_string}\"},\"query-input\":{\"@type\":\"PropertyValueSpecification\",\"valueRequired\":true,\"valueName\":\"search_term_string\"}}],\"inLanguage\":\"eu\"},{\"@type\":\"Organization\",\"@id\":\"https:\\\/\\\/cristaleriavitralarte.es\\\/#organization\",\"name\":\"Cristaler\u00eda Vitralarte\",\"url\":\"https:\\\/\\\/cristaleriavitralarte.es\\\/\",\"logo\":{\"@type\":\"ImageObject\",\"inLanguage\":\"eu\",\"@id\":\"https:\\\/\\\/cristaleriavitralarte.es\\\/#\\\/schema\\\/logo\\\/image\\\/\",\"url\":\"https:\\\/\\\/cristaleriavitralarte.es\\\/wp-content\\\/uploads\\\/2026\\\/01\\\/cropped-cristaleriavitralart202601_logo_web.png\",\"contentUrl\":\"https:\\\/\\\/cristaleriavitralarte.es\\\/wp-content\\\/uploads\\\/2026\\\/01\\\/cropped-cristaleriavitralart202601_logo_web.png\",\"width\":2248,\"height\":399,\"caption\":\"Cristaler\u00eda Vitralarte\"},\"image\":{\"@id\":\"https:\\\/\\\/cristaleriavitralarte.es\\\/#\\\/schema\\\/logo\\\/image\\\/\"}}]}<\/script>\n<!-- \/ Yoast SEO plugin. -->","yoast_head_json":{"title":"Servicios - Cristaler\u00eda Vitralarte","robots":{"index":"index","follow":"follow","max-snippet":"max-snippet:-1","max-image-preview":"max-image-preview:large","max-video-preview":"max-video-preview:-1"},"canonical":"https:\/\/cristaleriavitralarte.es\/eu\/servicios\/","og_locale":"en_US","og_type":"article","og_title":"Servicios - Cristaler\u00eda Vitralarte","og_description":"Vidrieras art\u00edsticas y grabados Climalit Colocaci\u00f3n de vidrios a domicilio Instalaciones comerciales Espejos Murales Solicita tu presupuesto sin compromiso Contacto","og_url":"https:\/\/cristaleriavitralarte.es\/eu\/servicios\/","og_site_name":"Cristaler\u00eda Vitralarte","article_modified_time":"2026-01-30T09:08:55+00:00","twitter_card":"summary_large_image","twitter_misc":{"Est. reading time":"1 minutua"},"schema":{"@context":"https:\/\/schema.org","@graph":[{"@type":"WebPage","@id":"https:\/\/cristaleriavitralarte.es\/servicios\/","url":"https:\/\/cristaleriavitralarte.es\/servicios\/","name":"Servicios - Cristaler\u00eda Vitralarte","isPartOf":{"@id":"https:\/\/cristaleriavitralarte.es\/#website"},"datePublished":"2026-01-29T14:53:55+00:00","dateModified":"2026-01-30T09:08:55+00:00","breadcrumb":{"@id":"https:\/\/cristaleriavitralarte.es\/servicios\/#breadcrumb"},"inLanguage":"eu","potentialAction":[{"@type":"ReadAction","target":["https:\/\/cristaleriavitralarte.es\/servicios\/"]}]},{"@type":"BreadcrumbList","@id":"https:\/\/cristaleriavitralarte.es\/servicios\/#breadcrumb","itemListElement":[{"@type":"ListItem","position":1,"name":"Portada","item":"https:\/\/cristaleriavitralarte.es\/"},{"@type":"ListItem","position":2,"name":"Servicios"}]},{"@type":"WebSite","@id":"https:\/\/cristaleriavitralarte.es\/#website","url":"https:\/\/cristaleriavitralarte.es\/","name":"Cristaler\u00eda Vitralarte","description":"Cristaler\u00eda","publisher":{"@id":"https:\/\/cristaleriavitralarte.es\/#organization"},"potentialAction":[{"@type":"SearchAction","target":{"@type":"EntryPoint","urlTemplate":"https:\/\/cristaleriavitralarte.es\/?s={search_term_string}"},"query-input":{"@type":"PropertyValueSpecification","valueRequired":true,"valueName":"search_term_string"}}],"inLanguage":"eu"},{"@type":"Organization","@id":"https:\/\/cristaleriavitralarte.es\/#organization","name":"Cristaler\u00eda Vitralarte","url":"https:\/\/cristaleriavitralarte.es\/","logo":{"@type":"ImageObject","inLanguage":"eu","@id":"https:\/\/cristaleriavitralarte.es\/#\/schema\/logo\/image\/","url":"https:\/\/cristaleriavitralarte.es\/wp-content\/uploads\/2026\/01\/cropped-cristaleriavitralart202601_logo_web.png","contentUrl":"https:\/\/cristaleriavitralarte.es\/wp-content\/uploads\/2026\/01\/cropped-cristaleriavitralart202601_logo_web.png","width":2248,"height":399,"caption":"Cristaler\u00eda Vitralarte"},"image":{"@id":"https:\/\/cristaleriavitralarte.es\/#\/schema\/logo\/image\/"}}]}},"_links":{"self":[{"href":"https:\/\/cristaleriavitralarte.es\/eu\/wp-json\/wp\/v2\/pages\/14","targetHints":{"allow":["GET"]}}],"collection":[{"href":"https:\/\/cristaleriavitralarte.es\/eu\/wp-json\/wp\/v2\/pages"}],"about":[{"href":"https:\/\/cristaleriavitralarte.es\/eu\/wp-json\/wp\/v2\/types\/page"}],"author":[{"embeddable":true,"href":"https:\/\/cristaleriavitralarte.es\/eu\/wp-json\/wp\/v2\/users\/1"}],"replies":[{"embeddable":true,"href":"https:\/\/cristaleriavitralarte.es\/eu\/wp-json\/wp\/v2\/comments?post=14"}],"version-history":[{"count":22,"href":"https:\/\/cristaleriavitralarte.es\/eu\/wp-json\/wp\/v2\/pages\/14\/revisions"}],"predecessor-version":[{"id":194,"href":"https:\/\/cristaleriavitralarte.es\/eu\/wp-json\/wp\/v2\/pages\/14\/revisions\/194"}],"wp:attachment":[{"href":"https:\/\/cristaleriavitralarte.es\/eu\/wp-json\/wp\/v2\/media?parent=14"}],"curies":[{"name":"wp","href":"https:\/\/api.w.org\/{rel}","templated":true}]}}